{"id":10808,"date":"2025-08-01T19:00:12","date_gmt":"2025-08-01T23:00:12","guid":{"rendered":"https:\/\/www.stpierrepinguet.org\/wp\/?page_id=10808"},"modified":"2025-08-01T19:00:12","modified_gmt":"2025-08-01T23:00:12","slug":"evenements-passes","status":"publish","type":"page","link":"https:\/\/www.stpierrepinguet.org\/wp\/evenements-passes\/","title":{"rendered":"\u00c9v\u00e9nements pass\u00e9s"},"content":{"rendered":"<p>Voici les activit\u00e9s ayant eu lieu dans notre \u00e9glise dans ces derni\u00e8res ann\u00e9es.<\/p>\n","protected":false},"excerpt":{"rendered":"<p>Voici les activit\u00e9s ayant eu lieu dans notre \u00e9glise dans ces derni\u00e8res ann\u00e9es.<\/p>\n","protected":false},"author":1,"featured_media":0,"parent":0,"menu_order":0,"comment_status":"closed","ping_status":"closed","template":"page-templates\/events-past.php","meta":{"footnotes":""},"class_list":["post-10808","page","type-page","status-publish","hentry","ctfw-no-image"],"yoast_head":"<!-- This site is optimized with the Yoast SEO plugin v27.3 - https:\/\/yoast.com\/product\/yoast-seo-wordpress\/ -->\n<title>\u00c9v\u00e9nements pass\u00e9s - &Eacute;glise Unie St-Pierre et Pinguet<\/title>\n<meta name=\"robots\" content=\"index, follow, max-snippet:-1, max-image-preview:large, max-video-preview:-1\" \/>\n<link rel=\"canonical\" href=\"https:\/\/www.stpierrepinguet.org\/wp\/evenements-passes\/\" \/>\n<meta property=\"og:locale\" content=\"fr_FR\" \/>\n<meta property=\"og:type\" content=\"article\" \/>\n<meta property=\"og:title\" content=\"\u00c9v\u00e9nements pass\u00e9s - &Eacute;glise Unie St-Pierre et Pinguet\" \/>\n<meta property=\"og:description\" content=\"Voici les activit\u00e9s ayant eu lieu dans notre \u00e9glise dans ces derni\u00e8res ann\u00e9es.\" \/>\n<meta property=\"og:url\" content=\"https:\/\/www.stpierrepinguet.org\/wp\/evenements-passes\/\" \/>\n<meta property=\"og:site_name\" content=\"&Eacute;glise Unie St-Pierre et Pinguet\" \/>\n<meta property=\"article:publisher\" content=\"https:\/\/www.facebook.com\/stpierreetpinguet\/\" \/>\n<meta property=\"og:image\" content=\"https:\/\/www.stpierrepinguet.org\/wp\/wp-content\/uploads\/2014\/02\/new_logo.png\" \/>\n\t<meta property=\"og:image:width\" content=\"381\" \/>\n\t<meta property=\"og:image:height\" content=\"604\" \/>\n\t<meta property=\"og:image:type\" content=\"image\/png\" \/>\n<meta name=\"twitter:card\" content=\"summary_large_image\" \/>\n<meta name=\"twitter:label1\" content=\"Dur\u00e9e de lecture estim\u00e9e\" \/>\n\t<meta name=\"twitter:data1\" content=\"1 minute\" \/>\n<script type=\"application\/ld+json\" class=\"yoast-schema-graph\">{\"@context\":\"https:\\\/\\\/schema.org\",\"@graph\":[{\"@type\":\"WebPage\",\"@id\":\"https:\\\/\\\/www.stpierrepinguet.org\\\/wp\\\/evenements-passes\\\/\",\"url\":\"https:\\\/\\\/www.stpierrepinguet.org\\\/wp\\\/evenements-passes\\\/\",\"name\":\"\u00c9v\u00e9nements pass\u00e9s - &Eacute;glise Unie St-Pierre et Pinguet\",\"isPartOf\":{\"@id\":\"https:\\\/\\\/www.stpierrepinguet.org\\\/wp\\\/#website\"},\"datePublished\":\"2025-08-01T23:00:12+00:00\",\"breadcrumb\":{\"@id\":\"https:\\\/\\\/www.stpierrepinguet.org\\\/wp\\\/evenements-passes\\\/#breadcrumb\"},\"inLanguage\":\"fr-FR\",\"potentialAction\":[{\"@type\":\"ReadAction\",\"target\":[\"https:\\\/\\\/www.stpierrepinguet.org\\\/wp\\\/evenements-passes\\\/\"]}]},{\"@type\":\"BreadcrumbList\",\"@id\":\"https:\\\/\\\/www.stpierrepinguet.org\\\/wp\\\/evenements-passes\\\/#breadcrumb\",\"itemListElement\":[{\"@type\":\"ListItem\",\"position\":1,\"name\":\"Accueil\",\"item\":\"https:\\\/\\\/www.stpierrepinguet.org\\\/wp\\\/\"},{\"@type\":\"ListItem\",\"position\":2,\"name\":\"\u00c9v\u00e9nements pass\u00e9s\"}]},{\"@type\":\"WebSite\",\"@id\":\"https:\\\/\\\/www.stpierrepinguet.org\\\/wp\\\/#website\",\"url\":\"https:\\\/\\\/www.stpierrepinguet.org\\\/wp\\\/\",\"name\":\"&Eacute;glise Unie St-Pierre et Pinguet\",\"description\":\"Une communaut&eacute; chr&eacute;tienne protestante et inclusive\",\"publisher\":{\"@id\":\"https:\\\/\\\/www.stpierrepinguet.org\\\/wp\\\/#organization\"},\"potentialAction\":[{\"@type\":\"SearchAction\",\"target\":{\"@type\":\"EntryPoint\",\"urlTemplate\":\"https:\\\/\\\/www.stpierrepinguet.org\\\/wp\\\/?s={search_term_string}\"},\"query-input\":{\"@type\":\"PropertyValueSpecification\",\"valueRequired\":true,\"valueName\":\"search_term_string\"}}],\"inLanguage\":\"fr-FR\"},{\"@type\":\"Organization\",\"@id\":\"https:\\\/\\\/www.stpierrepinguet.org\\\/wp\\\/#organization\",\"name\":\"Eglise Unie St-Pierre et Pinguet\",\"url\":\"https:\\\/\\\/www.stpierrepinguet.org\\\/wp\\\/\",\"logo\":{\"@type\":\"ImageObject\",\"inLanguage\":\"fr-FR\",\"@id\":\"https:\\\/\\\/www.stpierrepinguet.org\\\/wp\\\/#\\\/schema\\\/logo\\\/image\\\/\",\"url\":\"https:\\\/\\\/www.stpierrepinguet.org\\\/wp\\\/wp-content\\\/uploads\\\/2014\\\/02\\\/new_logo.png\",\"contentUrl\":\"https:\\\/\\\/www.stpierrepinguet.org\\\/wp\\\/wp-content\\\/uploads\\\/2014\\\/02\\\/new_logo.png\",\"width\":381,\"height\":604,\"caption\":\"Eglise Unie St-Pierre et Pinguet\"},\"image\":{\"@id\":\"https:\\\/\\\/www.stpierrepinguet.org\\\/wp\\\/#\\\/schema\\\/logo\\\/image\\\/\"},\"sameAs\":[\"https:\\\/\\\/www.facebook.com\\\/stpierreetpinguet\\\/\",\"https:\\\/\\\/www.youtube.com\\\/channel\\\/UCoV9MPsvZCrrMSz3SxSW6iA\"]}]}<\/script>\n<!-- \/ Yoast SEO plugin. -->","yoast_head_json":{"title":"\u00c9v\u00e9nements pass\u00e9s - &Eacute;glise Unie St-Pierre et Pinguet","robots":{"index":"index","follow":"follow","max-snippet":"max-snippet:-1","max-image-preview":"max-image-preview:large","max-video-preview":"max-video-preview:-1"},"canonical":"https:\/\/www.stpierrepinguet.org\/wp\/evenements-passes\/","og_locale":"fr_FR","og_type":"article","og_title":"\u00c9v\u00e9nements pass\u00e9s - &Eacute;glise Unie St-Pierre et Pinguet","og_description":"Voici les activit\u00e9s ayant eu lieu dans notre \u00e9glise dans ces derni\u00e8res ann\u00e9es.","og_url":"https:\/\/www.stpierrepinguet.org\/wp\/evenements-passes\/","og_site_name":"&Eacute;glise Unie St-Pierre et Pinguet","article_publisher":"https:\/\/www.facebook.com\/stpierreetpinguet\/","og_image":[{"width":381,"height":604,"url":"https:\/\/www.stpierrepinguet.org\/wp\/wp-content\/uploads\/2014\/02\/new_logo.png","type":"image\/png"}],"twitter_card":"summary_large_image","twitter_misc":{"Dur\u00e9e de lecture estim\u00e9e":"1 minute"},"schema":{"@context":"https:\/\/schema.org","@graph":[{"@type":"WebPage","@id":"https:\/\/www.stpierrepinguet.org\/wp\/evenements-passes\/","url":"https:\/\/www.stpierrepinguet.org\/wp\/evenements-passes\/","name":"\u00c9v\u00e9nements pass\u00e9s - &Eacute;glise Unie St-Pierre et Pinguet","isPartOf":{"@id":"https:\/\/www.stpierrepinguet.org\/wp\/#website"},"datePublished":"2025-08-01T23:00:12+00:00","breadcrumb":{"@id":"https:\/\/www.stpierrepinguet.org\/wp\/evenements-passes\/#breadcrumb"},"inLanguage":"fr-FR","potentialAction":[{"@type":"ReadAction","target":["https:\/\/www.stpierrepinguet.org\/wp\/evenements-passes\/"]}]},{"@type":"BreadcrumbList","@id":"https:\/\/www.stpierrepinguet.org\/wp\/evenements-passes\/#breadcrumb","itemListElement":[{"@type":"ListItem","position":1,"name":"Accueil","item":"https:\/\/www.stpierrepinguet.org\/wp\/"},{"@type":"ListItem","position":2,"name":"\u00c9v\u00e9nements pass\u00e9s"}]},{"@type":"WebSite","@id":"https:\/\/www.stpierrepinguet.org\/wp\/#website","url":"https:\/\/www.stpierrepinguet.org\/wp\/","name":"&Eacute;glise Unie St-Pierre et Pinguet","description":"Une communaut&eacute; chr&eacute;tienne protestante et inclusive","publisher":{"@id":"https:\/\/www.stpierrepinguet.org\/wp\/#organization"},"potentialAction":[{"@type":"SearchAction","target":{"@type":"EntryPoint","urlTemplate":"https:\/\/www.stpierrepinguet.org\/wp\/?s={search_term_string}"},"query-input":{"@type":"PropertyValueSpecification","valueRequired":true,"valueName":"search_term_string"}}],"inLanguage":"fr-FR"},{"@type":"Organization","@id":"https:\/\/www.stpierrepinguet.org\/wp\/#organization","name":"Eglise Unie St-Pierre et Pinguet","url":"https:\/\/www.stpierrepinguet.org\/wp\/","logo":{"@type":"ImageObject","inLanguage":"fr-FR","@id":"https:\/\/www.stpierrepinguet.org\/wp\/#\/schema\/logo\/image\/","url":"https:\/\/www.stpierrepinguet.org\/wp\/wp-content\/uploads\/2014\/02\/new_logo.png","contentUrl":"https:\/\/www.stpierrepinguet.org\/wp\/wp-content\/uploads\/2014\/02\/new_logo.png","width":381,"height":604,"caption":"Eglise Unie St-Pierre et Pinguet"},"image":{"@id":"https:\/\/www.stpierrepinguet.org\/wp\/#\/schema\/logo\/image\/"},"sameAs":["https:\/\/www.facebook.com\/stpierreetpinguet\/","https:\/\/www.youtube.com\/channel\/UCoV9MPsvZCrrMSz3SxSW6iA"]}]}},"_links":{"self":[{"href":"https:\/\/www.stpierrepinguet.org\/wp\/wp-json\/wp\/v2\/pages\/10808","targetHints":{"allow":["GET"]}}],"collection":[{"href":"https:\/\/www.stpierrepinguet.org\/wp\/wp-json\/wp\/v2\/pages"}],"about":[{"href":"https:\/\/www.stpierrepinguet.org\/wp\/wp-json\/wp\/v2\/types\/page"}],"author":[{"embeddable":true,"href":"https:\/\/www.stpierrepinguet.org\/wp\/wp-json\/wp\/v2\/users\/1"}],"replies":[{"embeddable":true,"href":"https:\/\/www.stpierrepinguet.org\/wp\/wp-json\/wp\/v2\/comments?post=10808"}],"version-history":[{"count":0,"href":"https:\/\/www.stpierrepinguet.org\/wp\/wp-json\/wp\/v2\/pages\/10808\/revisions"}],"wp:attachment":[{"href":"https:\/\/www.stpierrepinguet.org\/wp\/wp-json\/wp\/v2\/media?parent=10808"}],"curies":[{"name":"wp","href":"https:\/\/api.w.org\/{rel}","templated":true}]}}